{"id":80,"date":"2020-12-15T19:50:25","date_gmt":"2020-12-15T18:50:25","guid":{"rendered":"https:\/\/rapet.cz\/?page_id=80"},"modified":"2021-01-09T10:38:57","modified_gmt":"2021-01-09T09:38:57","slug":"rekonstrukce-objektu","status":"publish","type":"page","link":"https:\/\/rapet.cz\/?page_id=80","title":{"rendered":"Rekonstrukce objekt\u016f"},"content":{"rendered":"<p>[et_pb_section fb_built=&#8220;1&#8243; _builder_version=&#8220;4.7.7&#8243; _module_preset=&#8220;default&#8220; background_image=&#8220;http:\/\/rapet.cz\/wp-content\/uploads\/2020\/12\/pozadi-dum4.jpg&#8220; background_position=&#8220;top_center&#8220; custom_margin=&#8220;0px||||false|false&#8220; custom_padding=&#8220;0px||5px||false|false&#8220; bottom_divider_height=&#8220;20px&#8220;][et_pb_row _builder_version=&#8220;4.7.7&#8243; _module_preset=&#8220;default&#8220; custom_margin=&#8220;0px||0px||false|false&#8220; custom_padding=&#8220;0px||0px||false|false&#8220;][et_pb_column type=&#8220;4_4&#8243; _builder_version=&#8220;4.7.7&#8243; _module_preset=&#8220;default&#8220;][et_pb_text _builder_version=&#8220;4.7.7&#8243; _module_preset=&#8220;default&#8220; header_font=&#8220;Red Hat Display||||||||&#8220; header_text_color=&#8220;#333333&#8243; header_font_size=&#8220;49px&#8220; header_2_font=&#8220;Red Hat Display|700||on|||||&#8220; header_2_text_align=&#8220;center&#8220; header_2_text_color=&#8220;#ffffff&#8220; header_2_font_size=&#8220;54px&#8220; header_2_letter_spacing=&#8220;2px&#8220; custom_margin=&#8220;0px||0px||false|false&#8220; custom_padding=&#8220;91px||0px||false|false&#8220; custom_padding_tablet=&#8220;60px||0px||false|false&#8220; custom_padding_phone=&#8220;50px||||false|false&#8220; custom_padding_last_edited=&#8220;on|phone&#8220; hover_enabled=&#8220;0&#8243; header_font_size_tablet=&#8220;&#8220; header_font_size_phone=&#8220;38px&#8220; header_font_size_last_edited=&#8220;on|phone&#8220; header_2_text_shadow_style=&#8220;preset3&#8243; sticky_enabled=&#8220;0&#8243;]<\/p>\n<h1>Rekonstrukce objekt\u016f<\/h1>\n<p>[\/et_pb_text][\/et_pb_column][\/et_pb_row][et_pb_row custom_padding_last_edited=&#8220;on|desktop&#8220; _builder_version=&#8220;4.7.7&#8243; _module_preset=&#8220;default&#8220; background_enable_image=&#8220;off&#8220; transform_translate_linked=&#8220;off&#8220; custom_padding=&#8220;29px||84px||false|false&#8220; custom_padding_tablet=&#8220;18px||0px||false|false&#8220; custom_padding_phone=&#8220;||40px||false|false&#8220;][et_pb_column type=&#8220;4_4&#8243; _builder_version=&#8220;4.7.7&#8243; _module_preset=&#8220;default&#8220;][et_pb_text module_class=&#8220;odrazky&#8220; _builder_version=&#8220;4.7.7&#8243; _module_preset=&#8220;default&#8220; text_font=&#8220;Red Hat Display||||||||&#8220; text_text_color=&#8220;#000000&#8243; text_font_size=&#8220;18px&#8220; text_line_height=&#8220;1.9em&#8220; header_font=&#8220;Red Hat Display|700|||||||&#8220; header_2_text_color=&#8220;#de2f00&#8243; header_2_font_size=&#8220;31px&#8220; header_3_text_color=&#8220;#de2f00&#8243; header_3_font_size=&#8220;25px&#8220; header_4_text_color=&#8220;#de2f00&#8243; header_4_font_size=&#8220;21px&#8220; custom_margin=&#8220;0px||||false|false&#8220; custom_margin_tablet=&#8220;0px||50px||false|false&#8220; custom_margin_phone=&#8220;0px||10px||false|false&#8220; custom_margin_last_edited=&#8220;on|phone&#8220; hover_enabled=&#8220;0&#8243; sticky_enabled=&#8220;0&#8243;]<\/p>\n<p>Zaji\u0161\u0165ujeme kompletn\u00ed dod\u00e1vku materi\u00e1lu v\u010detn\u011b n\u00e1sledn\u00e9 realizace. Prov\u00e1d\u00edme stavebn\u00ed pr\u00e1ce v\u0161ech rozsah\u016f.<\/p>\n<ul>\n<li>Komplexn\u00ed rekonstrukce bytov\u00e9ho j\u00e1dra.<\/li>\n<li>Rekonstrukce koupelen.<\/li>\n<li>\u00dapravy fas\u00e1d<\/li>\n<li>Obklady<\/li>\n<li>Dla\u017eby<\/li>\n<li>Celkov\u00e9 rekonstrukce byt\u016f nebo budov<\/li>\n<\/ul>\n<p>Mont\u00e1\u017ee prov\u00e1d\u00edme ze v\u0161ech dostupn\u00fdch materi\u00e1l\u016f dod\u00e1van\u00fd na \u00fazem\u00ed \u010cesk\u00e9 republiky<\/p>\n<h2><\/h2>\n<p>[\/et_pb_text][\/et_pb_column][\/et_pb_row][\/et_pb_section][et_pb_section fb_built=&#8220;1&#8243; _builder_version=&#8220;4.7.7&#8243; _module_preset=&#8220;default&#8220; background_color=&#8220;#070707&#8243; background_image=&#8220;http:\/\/rapet.cz\/wp-content\/uploads\/2021\/01\/pozadi-paticka.jpg&#8220; custom_padding=&#8220;41px||21px|||&#8220; background_last_edited=&#8220;on|desktop&#8220; background_enable_image_tablet=&#8220;off&#8220; background_enable_image_phone=&#8220;off&#8220; global_module=&#8220;222&#8243; saved_tabs=&#8220;all&#8220;][et_pb_row column_structure=&#8220;1_3,1_3,1_3&#8243; _builder_version=&#8220;4.7.7&#8243; _module_preset=&#8220;default&#8220;][et_pb_column type=&#8220;1_3&#8243; _builder_version=&#8220;4.7.7&#8243; _module_preset=&#8220;default&#8220;][et_pb_image src=&#8220;http:\/\/rapet.cz\/wp-content\/uploads\/2020\/12\/logo.png&#8220; title_text=&#8220;logo&#8220; _builder_version=&#8220;4.7.7&#8243; _module_preset=&#8220;default&#8220; max_width=&#8220;200px&#8220; custom_margin=&#8220;||18px|||&#8220;][\/et_pb_image][et_pb_text _builder_version=&#8220;4.7.7&#8243; _module_preset=&#8220;default&#8220; text_font=&#8220;Red Hat Display||||||||&#8220; text_text_color=&#8220;#ffffff&#8220; text_font_size=&#8220;18px&#8220; header_3_font=&#8220;|800|||||||&#8220; header_3_text_color=&#8220;#ffffff&#8220;]<\/p>\n<h3>RAPET servis s.r.o.<\/h3>\n<p>Prvom\u00e1jov\u00e1 110<br \/>\n153 00 Praha 5<br \/>\n\u010cesk\u00e1 republika<br \/>\nI\u010c: 265 06 424<br \/>\nDI\u010c: CZ 265 06 424[\/et_pb_text][\/et_pb_column][et_pb_column type=&#8220;1_3&#8243; _builder_version=&#8220;4.7.7&#8243; _module_preset=&#8220;default&#8220;][et_pb_text _builder_version=&#8220;4.7.7&#8243; _module_preset=&#8220;default&#8220; text_font=&#8220;Red Hat Display||||||||&#8220; text_text_color=&#8220;#000000&#8243; text_font_size=&#8220;18px&#8220; text_line_height=&#8220;1.9em&#8220; header_font=&#8220;Red Hat Display|700|||||||&#8220; header_3_font=&#8220;Red Hat Display|700|||||||&#8220; header_3_text_color=&#8220;#ffffff&#8220; header_3_font_size=&#8220;23px&#8220; custom_margin=&#8220;0px||11px||false|false&#8220;]<\/p>\n<h3>Kontakty<\/h3>\n<p>[\/et_pb_text][et_pb_blurb use_icon=&#8220;on&#8220; font_icon=&#8220;%%264%%&#8220; icon_color=&#8220;#ffffff&#8220; icon_placement=&#8220;left&#8220; use_icon_font_size=&#8220;on&#8220; icon_font_size=&#8220;24px&#8220; _builder_version=&#8220;4.7.7&#8243; _module_preset=&#8220;default&#8220; body_font=&#8220;Red Hat Display||||||||&#8220; body_text_color=&#8220;#ffffff&#8220; body_font_size=&#8220;18px&#8220; custom_margin=&#8220;||16px|||&#8220;]257 810 716[\/et_pb_blurb][et_pb_blurb use_icon=&#8220;on&#8220; font_icon=&#8220;%%104%%&#8220; icon_color=&#8220;#ffffff&#8220; icon_placement=&#8220;left&#8220; use_icon_font_size=&#8220;on&#8220; icon_font_size=&#8220;24px&#8220; _builder_version=&#8220;4.7.7&#8243; _module_preset=&#8220;default&#8220; body_font=&#8220;Red Hat Display||||||||&#8220; body_text_color=&#8220;#ffffff&#8220; body_font_size=&#8220;18px&#8220; custom_margin=&#8220;||16px|||&#8220;]602 715 888[\/et_pb_blurb][et_pb_blurb use_icon=&#8220;on&#8220; font_icon=&#8220;%%142%%&#8220; icon_color=&#8220;#ffffff&#8220; icon_placement=&#8220;left&#8220; use_icon_font_size=&#8220;on&#8220; icon_font_size=&#8220;24px&#8220; _builder_version=&#8220;4.7.7&#8243; _module_preset=&#8220;default&#8220; body_font=&#8220;Red Hat Display||||||||&#8220; body_text_color=&#8220;#ffffff&#8220; body_font_size=&#8220;18px&#8220; custom_margin=&#8220;||16px|||&#8220;](Fax) 257 811 469[\/et_pb_blurb][et_pb_blurb use_icon=&#8220;on&#8220; font_icon=&#8220;%%109%%&#8220; icon_color=&#8220;#ffffff&#8220; icon_placement=&#8220;left&#8220; use_icon_font_size=&#8220;on&#8220; icon_font_size=&#8220;24px&#8220; _builder_version=&#8220;4.7.7&#8243; _module_preset=&#8220;default&#8220; body_font=&#8220;Red Hat Display||||||||&#8220; body_text_color=&#8220;#ffffff&#8220; body_font_size=&#8220;18px&#8220; custom_margin=&#8220;||16px|||&#8220;]rapet@rapet.cz[\/et_pb_blurb][\/et_pb_column][et_pb_column type=&#8220;1_3&#8243; _builder_version=&#8220;4.7.7&#8243; _module_preset=&#8220;default&#8220;][et_pb_contact_form email=&#8220;rapet@rapet.cz&#8220; custom_message=&#8220;Nov\u00e1 zpr\u00e1va z webu:||et_pb_line_break_holder||%%Name%%||et_pb_line_break_holder||%%Email%%||et_pb_line_break_holder||%%Message%%&#8220; _builder_version=&#8220;4.7.7&#8243; _module_preset=&#8220;default&#8220; form_field_background_color=&#8220;rgba(255,255,255,0.8)&#8220; form_field_text_color=&#8220;#000000&#8243; form_field_focus_text_color=&#8220;#000000&#8243; captcha_font=&#8220;Red Hat Display|700|||||||&#8220; captcha_text_color=&#8220;#ffffff&#8220; captcha_font_size=&#8220;16px&#8220; form_field_font=&#8220;Red Hat Display|500|||||||&#8220; form_field_font_size=&#8220;16px&#8220; form_field_line_height=&#8220;1em&#8220; custom_button=&#8220;on&#8220; button_text_color=&#8220;#000000&#8243; button_bg_color=&#8220;#f4c409&#8243; button_border_width=&#8220;0px&#8220; button_border_radius=&#8220;36px&#8220; button_font=&#8220;Red Hat Display|700|||||||&#8220; border_radii=&#8220;on|2px|2px|2px|2px&#8220;][et_pb_contact_field field_id=&#8220;Name&#8220; field_title=&#8220;Jm\u00e9no&#8220; _builder_version=&#8220;4.7.7&#8243; button_text_size__hover_enabled=&#8220;off&#8220; button_one_text_size__hover_enabled=&#8220;off&#8220; button_two_text_size__hover_enabled=&#8220;off&#8220; button_text_color__hover_enabled=&#8220;off&#8220; button_one_text_color__hover_enabled=&#8220;off&#8220; button_two_text_color__hover_enabled=&#8220;off&#8220; button_border_width__hover_enabled=&#8220;off&#8220; button_one_border_width__hover_enabled=&#8220;off&#8220; button_two_border_width__hover_enabled=&#8220;off&#8220; button_border_color__hover_enabled=&#8220;off&#8220; button_one_border_color__hover_enabled=&#8220;off&#8220; button_two_border_color__hover_enabled=&#8220;off&#8220; button_border_radius__hover_enabled=&#8220;off&#8220; button_one_border_radius__hover_enabled=&#8220;off&#8220; button_two_border_radius__hover_enabled=&#8220;off&#8220; button_letter_spacing__hover_enabled=&#8220;off&#8220; button_one_letter_spacing__hover_enabled=&#8220;off&#8220; button_two_letter_spacing__hover_enabled=&#8220;off&#8220; button_bg_color__hover_enabled=&#8220;off&#8220; button_one_bg_color__hover_enabled=&#8220;off&#8220; button_two_bg_color__hover_enabled=&#8220;off&#8220;][\/et_pb_contact_field][et_pb_contact_field field_id=&#8220;Email&#8220; field_title=&#8220;E-mail&#8220; field_type=&#8220;email&#8220; _builder_version=&#8220;4.7.7&#8243; button_text_size__hover_enabled=&#8220;off&#8220; button_one_text_size__hover_enabled=&#8220;off&#8220; button_two_text_size__hover_enabled=&#8220;off&#8220; button_text_color__hover_enabled=&#8220;off&#8220; button_one_text_color__hover_enabled=&#8220;off&#8220; button_two_text_color__hover_enabled=&#8220;off&#8220; button_border_width__hover_enabled=&#8220;off&#8220; button_one_border_width__hover_enabled=&#8220;off&#8220; button_two_border_width__hover_enabled=&#8220;off&#8220; button_border_color__hover_enabled=&#8220;off&#8220; button_one_border_color__hover_enabled=&#8220;off&#8220; button_two_border_color__hover_enabled=&#8220;off&#8220; button_border_radius__hover_enabled=&#8220;off&#8220; button_one_border_radius__hover_enabled=&#8220;off&#8220; button_two_border_radius__hover_enabled=&#8220;off&#8220; button_letter_spacing__hover_enabled=&#8220;off&#8220; button_one_letter_spacing__hover_enabled=&#8220;off&#8220; button_two_letter_spacing__hover_enabled=&#8220;off&#8220; button_bg_color__hover_enabled=&#8220;off&#8220; button_one_bg_color__hover_enabled=&#8220;off&#8220; button_two_bg_color__hover_enabled=&#8220;off&#8220;][\/et_pb_contact_field][et_pb_contact_field field_id=&#8220;Phone&#8220; field_title=&#8220;Telefon&#8220; fullwidth_field=&#8220;on&#8220; _builder_version=&#8220;4.7.7&#8243; _module_preset=&#8220;default&#8220;][\/et_pb_contact_field][et_pb_contact_field field_id=&#8220;Message&#8220; field_title=&#8220;Zpr\u00e1va&#8220; field_type=&#8220;text&#8220; fullwidth_field=&#8220;on&#8220; _builder_version=&#8220;3.16&#8243; button_text_size__hover_enabled=&#8220;off&#8220; button_one_text_size__hover_enabled=&#8220;off&#8220; button_two_text_size__hover_enabled=&#8220;off&#8220; button_text_color__hover_enabled=&#8220;off&#8220; button_one_text_color__hover_enabled=&#8220;off&#8220; button_two_text_color__hover_enabled=&#8220;off&#8220; button_border_width__hover_enabled=&#8220;off&#8220; button_one_border_width__hover_enabled=&#8220;off&#8220; button_two_border_width__hover_enabled=&#8220;off&#8220; button_border_color__hover_enabled=&#8220;off&#8220; button_one_border_color__hover_enabled=&#8220;off&#8220; button_two_border_color__hover_enabled=&#8220;off&#8220; button_border_radius__hover_enabled=&#8220;off&#8220; button_one_border_radius__hover_enabled=&#8220;off&#8220; button_two_border_radius__hover_enabled=&#8220;off&#8220; button_letter_spacing__hover_enabled=&#8220;off&#8220; button_one_letter_spacing__hover_enabled=&#8220;off&#8220; button_two_letter_spacing__hover_enabled=&#8220;off&#8220; button_bg_color__hover_enabled=&#8220;off&#8220; button_one_bg_color__hover_enabled=&#8220;off&#8220; button_two_bg_color__hover_enabled=&#8220;off&#8220;][\/et_pb_contact_field][\/et_pb_contact_form][\/et_pb_column][\/et_pb_row][\/et_pb_section]<\/p>\n","protected":false},"excerpt":{"rendered":"<p>Rekonstrukce objekt\u016f Zaji\u0161\u0165ujeme kompletn\u00ed dod\u00e1vku materi\u00e1lu v\u010detn\u011b n\u00e1sledn\u00e9 realizace. Prov\u00e1d\u00edme stavebn\u00ed pr\u00e1ce v\u0161ech rozsah\u016f. Komplexn\u00ed rekonstrukce bytov\u00e9ho j\u00e1dra. Rekonstrukce koupelen. \u00dapravy fas\u00e1d Obklady Dla\u017eby Celkov\u00e9 rekonstrukce byt\u016f nebo budov Mont\u00e1\u017ee prov\u00e1d\u00edme ze v\u0161ech dostupn\u00fdch materi\u00e1l\u016f dod\u00e1van\u00fd na \u00fazem\u00ed \u010cesk\u00e9 republiky RAPET servis s.r.o. Prvom\u00e1jov\u00e1 110 153 00 Praha 5 \u010cesk\u00e1 republika I\u010c: 265 06 424 [&hellip;]<\/p>\n","protected":false},"author":1,"featured_media":0,"parent":61,"menu_order":0,"comment_status":"closed","ping_status":"closed","template":"","meta":{"_et_pb_use_builder":"on","_et_pb_old_content":"<!-- wp:divi\/placeholder \/-->","_et_gb_content_width":"","footnotes":""},"class_list":["post-80","page","type-page","status-publish","hentry"],"_links":{"self":[{"href":"https:\/\/rapet.cz\/index.php?rest_route=\/wp\/v2\/pages\/80","targetHints":{"allow":["GET"]}}],"collection":[{"href":"https:\/\/rapet.cz\/index.php?rest_route=\/wp\/v2\/pages"}],"about":[{"href":"https:\/\/rapet.cz\/index.php?rest_route=\/wp\/v2\/types\/page"}],"author":[{"embeddable":true,"href":"https:\/\/rapet.cz\/index.php?rest_route=\/wp\/v2\/users\/1"}],"replies":[{"embeddable":true,"href":"https:\/\/rapet.cz\/index.php?rest_route=%2Fwp%2Fv2%2Fcomments&post=80"}],"version-history":[{"count":4,"href":"https:\/\/rapet.cz\/index.php?rest_route=\/wp\/v2\/pages\/80\/revisions"}],"predecessor-version":[{"id":301,"href":"https:\/\/rapet.cz\/index.php?rest_route=\/wp\/v2\/pages\/80\/revisions\/301"}],"up":[{"embeddable":true,"href":"https:\/\/rapet.cz\/index.php?rest_route=\/wp\/v2\/pages\/61"}],"wp:attachment":[{"href":"https:\/\/rapet.cz\/index.php?rest_route=%2Fwp%2Fv2%2Fmedia&parent=80"}],"curies":[{"name":"wp","href":"https:\/\/api.w.org\/{rel}","templated":true}]}}